{"id":16,"date":"2023-02-21T10:05:49","date_gmt":"2023-02-21T09:05:49","guid":{"rendered":"https:\/\/websites.fraunhofer.de\/sam-smart\/?page_id=16"},"modified":"2025-12-12T13:30:56","modified_gmt":"2025-12-12T12:30:56","slug":"aktuelles","status":"publish","type":"page","link":"https:\/\/samsmart.de\/en\/aktuelles\/","title":{"rendered":"News"},"content":{"rendered":"<div data-elementor-type=\"wp-page\" data-elementor-id=\"16\" class=\"elementor elementor-16\">\n\t\t\t\t<div class=\"elementor-element elementor-element-134048c e-flex e-con-boxed e-con e-parent\" data-id=\"134048c\" data-element_type=\"container\" data-e-type=\"container\">\n\t\t\t\t\t<div class=\"e-con-inner\">\n\t\t\t\t<div class=\"elementor-element elementor-element-ffb69c4 elementor-widget elementor-widget-text-editor\" data-id=\"ffb69c4\" data-element_type=\"widget\" data-e-type=\"widget\" data-widget_type=\"text-editor.default\">\n\t\t\t\t<div class=\"elementor-widget-container\">\n\t\t\t\t\t\t\t\t\t<h2>14.11.2025<\/h2>\n<h2>| Projektabschluss f\u00fcr SAM Smart<\/h2>\n<p>Mitte November hat Fraunhofer FIT das Projektteam, seine Partner und das Bundesministerium f\u00fcr Forschung, Technologie und Raumfahrt zu einem letzten gemeinsamen Treffen eingeladen. Dabei konnten Ergebnisse und ihre zuk\u00fcnftigen Verwertungsm\u00f6glichkeiten vorgestellt werden.<\/p>\n<p><img fetchpriority=\"high\" decoding=\"async\" class=\"aligncenter wp-image-791\" src=\"https:\/\/samsmart.de\/wp-content\/uploads\/2025\/12\/Gruppenbild-1024x771.jpg\" alt=\"\" width=\"328\" height=\"247\" srcset=\"https:\/\/samsmart.de\/wp-content\/uploads\/2025\/12\/Gruppenbild-1024x771.jpg 1024w, https:\/\/samsmart.de\/wp-content\/uploads\/2025\/12\/Gruppenbild-300x226.jpg 300w, https:\/\/samsmart.de\/wp-content\/uploads\/2025\/12\/Gruppenbild-768x578.jpg 768w, https:\/\/samsmart.de\/wp-content\/uploads\/2025\/12\/Gruppenbild-1536x1157.jpg 1536w, https:\/\/samsmart.de\/wp-content\/uploads\/2025\/12\/Gruppenbild-2048x1542.jpg 2048w, https:\/\/samsmart.de\/wp-content\/uploads\/2025\/12\/Gruppenbild-16x12.jpg 16w, https:\/\/samsmart.de\/wp-content\/uploads\/2025\/12\/Gruppenbild-1232x928.jpg 1232w, https:\/\/samsmart.de\/wp-content\/uploads\/2025\/12\/Gruppenbild-1434x1080.jpg 1434w\" sizes=\"(max-width: 328px) 100vw, 328px\" \/><\/p>\n<p>Meilensteine der mehrj\u00e4hrigen Zusammenarbeit von SAM Smart sind viele verschiedene Funktionen und Impulse f\u00fcr den Sicherheits-Assistenzmanager (SAM): Projektpartner der Universit\u00e4t Siegen haben erforscht, wie Haushalte mit Sprachassistenten interagieren und welche Smart-Home-Aktionen sie durchf\u00fchren, wenn sie im Urlaub sind. Die Sensorik von Smart-Home-Ger\u00e4ten leichter korrigieren zu k\u00f6nnen, war das Ziel der Lernverfahren von der Universit\u00e4t L\u00fcbeck. Zusammen mit der langlauf Security Automation GmbH hat sie sich mit der Erkennung von sicherheitsrelevanten Softwarefehlern besch\u00e4ftigt.\u00a0<\/p>\n<p>Die Sicherheit ihrer Smart-Homes konnten Testnutzer im Living Lab mithilfe von zwei verschiedenen Pentest-Anwendungen selbst ermitteln. Dazu haben die Projektpartner automITe und nuspace GmbH Ans\u00e4tze zur Pr\u00fcfung von Ger\u00e4tenetzwerken entwickelt. Im umfassenden Dashboard von open.inc GmbH k\u00f6nnen Nutzer die Testergebnisse und weitere Informationen \u00fcber SAM einsehen. Bis zu seinem Abschluss hat das Projekt den Austausch mit Living Lab-Haushalten zur Erforschung unter Realbedingungen verfolgt. Das Projektteam bedankt sich bei allen Testnutzern und F\u00f6rderern f\u00fcr die gelungene Zusammenarbeit!\u00a0<\/p>\n<p>Interessierte, die mehr \u00fcber die Teilnahme an Living-Lab-Projekten von Fraunhofer FIT erfahren m\u00f6chten, k\u00f6nnen sich unter <a id=\"menurcdr\" class=\"fui-Link ___1q1shib f2hkw1w f3rmtva f1ewtqcl fyind8e f1k6fduh f1w7gpdv fk6fouc fjoy568 figsok6 f1s184ao f1mk8lai fnbmjn9 f1o700av f13mvf36 f1cmlufx f9n3di6 f1ids18y f1tx3yz7 f1deo86v f1eh06m1 f1iescvh fhgqx19 f1olyrje f1p93eir f1nev41a f1h8hb77 f1lqvz6u f10aw75t fsle3fq f17ae5zn\" title=\"https:\/\/humhub.fit.fraunhofer.d\/\" href=\"https:\/\/humhub.fit.fraunhofer.de\" target=\"_blank\" rel=\"noreferrer noopener\" aria-label=\"Link https:\/\/humhub.fit.fraunhofer.d\">https:\/\/humhub.fit.fraunhofer.de<\/a>\u00a0registrieren.\u00a0<\/p>\t\t\t\t\t\t\t\t<\/div>\n\t\t\t\t<\/div>\n\t\t\t\t\t<\/div>\n\t\t\t\t<\/div>\n\t\t<div class=\"elementor-element elementor-element-782a3341 e-flex e-con-boxed e-con e-parent\" data-id=\"782a3341\" data-element_type=\"container\" data-e-type=\"container\">\n\t\t\t\t\t<div class=\"e-con-inner\">\n\t\t\t\t<div class=\"elementor-element elementor-element-71145cf3 elementor-widget elementor-widget-text-editor\" data-id=\"71145cf3\" data-element_type=\"widget\" data-e-type=\"widget\" data-widget_type=\"text-editor.default\">\n\t\t\t\t<div class=\"elementor-widget-container\">\n\t\t\t\t\t\t\t\t\t<h2><mark style=\"background-color: rgba(0, 0, 0, 0);\"><strong>29.10.2025<\/strong><\/mark><mark style=\"background-color: rgba(0, 0, 0, 0);\"><strong>| AnoSiDat Kongress in Berlin<\/strong><\/mark><\/h2>\n<p><span data-teams=\"true\"><span dir=\"ltr\">Beim zweiten Kongress des bundesweiten Forschungsnetzwerks <\/span><\/span><span data-teams=\"true\"><span dir=\"ltr\">AnoSiDat trafen wir uns mit unseren Projektpartnern vom Kompetenzcluster IIP (Intelligente Nutzung <\/span><\/span><span data-teams=\"true\"><span dir=\"ltr\">verschiedener Verkehrsmittel) <a href=\"https:\/\/www.hs-esslingen.de\/forschung\/forschungsaktivitaeten\/forschungsbereiche\/interdisziplinaere-projekte\/anomob\">AnoMob<\/a> und <a href=\"https:\/\/www.synthiclick.de\/\">SynthiClick<\/a>. Gemeinsam treiben wir die Anonymisierungsforschung <\/span><\/span><span data-teams=\"true\"><span dir=\"ltr\">voran \u2013 f\u00fcr eine sichere und vertrauensw\u00fcrdige Datennutzung.<\/span><\/span><\/p>\n<p>Weitere Infos zum Kongress: <a href=\"https:\/\/www.forschungsnetzwerk-anonymisierung.de\/index.php\/event\/anosidat2025\">AnoSiDat2025<\/a><\/p>\n<h2><img decoding=\"async\" class=\"alignnone wp-image-787 size-large\" style=\"font-size: 16px;\" src=\"https:\/\/samsmart.de\/wp-content\/uploads\/2025\/11\/Dennis-Anosidat-1024x440.jpg\" alt=\"\" width=\"1024\" height=\"440\" srcset=\"https:\/\/samsmart.de\/wp-content\/uploads\/2025\/11\/Dennis-Anosidat-1024x440.jpg 1024w, https:\/\/samsmart.de\/wp-content\/uploads\/2025\/11\/Dennis-Anosidat-300x129.jpg 300w, https:\/\/samsmart.de\/wp-content\/uploads\/2025\/11\/Dennis-Anosidat-768x330.jpg 768w, https:\/\/samsmart.de\/wp-content\/uploads\/2025\/11\/Dennis-Anosidat-1536x660.jpg 1536w, https:\/\/samsmart.de\/wp-content\/uploads\/2025\/11\/Dennis-Anosidat-18x8.jpg 18w, https:\/\/samsmart.de\/wp-content\/uploads\/2025\/11\/Dennis-Anosidat-1232x529.jpg 1232w, https:\/\/samsmart.de\/wp-content\/uploads\/2025\/11\/Dennis-Anosidat.jpg 1694w\" sizes=\"(max-width: 1024px) 100vw, 1024px\" \/><\/h2>\n<h2><img decoding=\"async\" class=\"alignnone wp-image-780 size-large\" style=\"font-size: 16px;\" src=\"https:\/\/samsmart.de\/wp-content\/uploads\/2025\/11\/IMG_6564-1024x768.jpg\" alt=\"\" width=\"1024\" height=\"768\" srcset=\"https:\/\/samsmart.de\/wp-content\/uploads\/2025\/11\/IMG_6564-1024x768.jpg 1024w, https:\/\/samsmart.de\/wp-content\/uploads\/2025\/11\/IMG_6564-300x225.jpg 300w, https:\/\/samsmart.de\/wp-content\/uploads\/2025\/11\/IMG_6564-768x576.jpg 768w, https:\/\/samsmart.de\/wp-content\/uploads\/2025\/11\/IMG_6564-1536x1152.jpg 1536w, https:\/\/samsmart.de\/wp-content\/uploads\/2025\/11\/IMG_6564-2048x1536.jpg 2048w, https:\/\/samsmart.de\/wp-content\/uploads\/2025\/11\/IMG_6564-16x12.jpg 16w, https:\/\/samsmart.de\/wp-content\/uploads\/2025\/11\/IMG_6564-1232x924.jpg 1232w, https:\/\/samsmart.de\/wp-content\/uploads\/2025\/11\/IMG_6564-1440x1080.jpg 1440w\" sizes=\"(max-width: 1024px) 100vw, 1024px\" \/><\/h2>\n<p><!-- \/wp:paragraph --><\/p>\n<hr \/>\n<h2><mark style=\"background-color: rgba(0, 0, 0, 0);\"><strong>10.10.2024 | Projekt-Treffen in Coburg<\/strong><\/mark><\/h2>\n<p><!-- \/wp:heading --><\/p>\n<p><!-- wp:paragraph {\"fontSize\":\"small\"} --><\/p>\n<p><span data-teams=\"true\"><span dir=\"ltr\">Heute fand das Konsortialtreffen in Coburg bei unserem Projektpartner nuspace statt. In diesem wurde der allgemeine Projektstand besprochen und erste Erkenntnisse, wie Verbrauchern das Thema Sicherheit von Smart Home Systemen bewusster gemacht werden wurden vorgestellt. Dazu wurden erste Visualisierungsl\u00f6sungen pr\u00e4sentiert, die den Testhaushalten zuk\u00fcnftig Auskunft \u00fcber die Sich<\/span><\/span><span data-teams=\"true\"><span dir=\"ltr\">erheit ihres Smart Home Systems und der einzelnen Ger\u00e4te geben s<\/span><\/span><span data-teams=\"true\"><span dir=\"ltr\">ollen.<\/span><\/span><\/p>\n<h2><mark><strong><img loading=\"lazy\" decoding=\"async\" src=\"https:\/\/samsmart.de\/wp-content\/uploads\/2024\/10\/Gruppenfoto-e1729589721431-300x224.jpg\" alt=\"\" width=\"395\" height=\"295\" \/><\/strong><\/mark><\/h2>\n<p><!-- \/wp:paragraph --><\/p>\n<p><!-- wp:separator --><\/p>\n<hr \/>\n<p><!-- \/wp:separator --><\/p>\n<p><!-- wp:heading {\"textAlign\":\"left\",\"fontSize\":\"medium\"} --><\/p>\n<h2><mark style=\"background-color: rgba(0, 0, 0, 0);\"><strong>27.05.2024 | Last Call for Participation!<\/strong><\/mark><\/h2>\n<p><!-- \/wp:heading --><\/p>\n<p><!-- wp:paragraph {\"fontSize\":\"small\"} --><\/p>\n<p>Am 18.\u00a0Juni 2024 findet der hybride ECSCW-Workshop sowohl in Rimini, Italien, als auch online statt!<\/p>\n<p><!-- \/wp:paragraph --><\/p>\n<p><!-- wp:paragraph {\"fontSize\":\"small\"} --><\/p>\n<p>ECSCW ist die Abk\u00fcrzung f\u00fcr European Conference on Computer-Supported Cooperative Work und befasst sich dieses Jahr mit Smart Home Technologien, die unser Verst\u00e4ndnis von Zuhause und h\u00e4uslichem Leben ver\u00e4ndern. Unser\u00a0interaktiver Workshop stellt sich intelligente H\u00e4user als dynamische, benutzergepr\u00e4gte R\u00e4ume vor und konzentriert sich auf die Integration dieser Technologien in den Alltag. Wir wollen untersuchen, wie diese Technologien die Dynamik im Haushalt ver\u00e4ndern und rufen Forschende bis zum 31. Mai dazu auf, daran teilzuhaben! Weitere Infos gibt\u2019s hier:\u00a0<a href=\"https:\/\/samsmart.de\/en\/ecscw-2024-workshop\/\" target=\"_blank\" rel=\"noreferrer noopener\">https:\/\/samsmart.de\/ecscw-2024-workshop\/<\/a><\/p>\n<p><!-- \/wp:paragraph --><\/p>\n<p><!-- wp:separator --><\/p>\n<hr \/>\n<p><!-- \/wp:separator --><\/p>\n<p><!-- wp:heading {\"textAlign\":\"left\",\"fontSize\":\"medium\"} --><\/p>\n<h2><mark style=\"background-color: rgba(0, 0, 0, 0);\"><strong>18.04.2024 | AnoSiDat Kongress und Projekt-Treffen in L\u00fcbeck\u00a0<\/strong><\/mark><\/h2>\n<p><!-- \/wp:heading --><\/p>\n<p><!-- wp:paragraph {\"fontSize\":\"small\"} --><\/p>\n<p>Am 16. + 17. April fand der AnoSiDat Kongress zum Thema &#8222;Anonymisierung f\u00fcr eine sichere Datennutzung&#8220; statt, bei dem auch das Projekt SAM Smart sich und ie bisherigen Ergebnisse pr\u00e4sentieren konnte. Hier bestand auch die M\u00f6glichkeit mehr \u00fcber Nachbarprojekte zu erfahren und sich zu vernetzen.<\/p>\n<p>Weitere Infos: <a href=\"https:\/\/www.forschungsnetzwerk-anonymisierung.de\/index.php\/event\/fn-kongress\">https:\/\/www.forschungsnetzwerk-anonymisierung.de\/index.php\/event\/fn-kongress<\/a><\/p>\n<h2><mark><strong><img loading=\"lazy\" decoding=\"async\" src=\"https:\/\/samsmart.de\/wp-content\/uploads\/2024\/10\/Post-Webseite-300x149.png\" alt=\"\" width=\"458\" height=\"227\" \/><\/strong><\/mark><\/h2>\n<p>Am 18. April traf sich zudem das Konsortium um aktuelle Arbeiten und Ergebnisse im Projekt vorzustellen und die weiteren Schritte zu planen.<\/p>\n<p><img loading=\"lazy\" decoding=\"async\" src=\"https:\/\/samsmart.de\/wp-content\/uploads\/2024\/10\/Gruppenfoto-1-e1729590682474-300x201.jpg\" alt=\"\" width=\"456\" height=\"305\" \/><\/p>\n<p><!-- \/wp:separator --><\/p>\n<p><!-- wp:heading {\"textAlign\":\"left\",\"fontSize\":\"medium\"} --><\/p>\n<hr \/>\n<h2><mark style=\"background-color: rgba(0, 0, 0, 0);\"><strong>27.11.2023 | Hausbesuche im Living Lab<\/strong><\/mark><\/h2>\n<p><!-- \/wp:heading --><\/p>\n<p><!-- wp:paragraph {\"align\":\"left\",\"fontSize\":\"small\"} --><\/p>\n<p>Am 27. November 2023 fanden die ersten Hausbesuche im Living Lab statt, bei denen Mini-PCs zur Datenflussanalyse installiert wurden. Diese dienen als Grundlage f\u00fcr das im Projekt zu entwickelnden Dashboard, \u00fcber das sp\u00e4ter die Datenfl\u00fcsse visualisiert werden k\u00f6nnen. Weitere Hausbesuche sind f\u00fcr Dezember und Januar geplant. W\u00e4hrend des Besuchs werden weiterhin Praktiken und Bed\u00fcrfnisse mittels Interviews ermittelt. Dabei wird auch untersucht, welche Rolle Sprache, Klang und Licht beim Thema Benachrichtigungen zuhause spielen und wie diese bei der Entwicklung von &#8218;SAM&#8216;, dem Sicherheitsassistenzmanager, ber\u00fccksichtigt werden k\u00f6nnen.<\/p>\n<p><!-- \/wp:paragraph --><\/p>\n<p><!-- wp:paragraph {\"align\":\"center\",\"fontSize\":\"small\"} --><\/p>\n<p><img decoding=\"async\" style=\"width: 450px;\" src=\"https:\/\/samsmart.de\/wp-content\/uploads\/2024\/01\/Material-Hausbesuche.jpg\" alt=\"\" \/><\/p>\n<p><!-- \/wp:paragraph --><\/p>\n<p><!-- wp:separator --><\/p>\n<hr \/>\n<p><!-- \/wp:separator --><\/p>\n<p><!-- wp:heading {\"textAlign\":\"left\",\"fontSize\":\"medium\"} --><\/p>\n<h2><mark style=\"background-color: rgba(0, 0, 0, 0);\"><strong>29.09.2023 | Projekt-Treffen in Siegen<\/strong><\/mark><\/h2>\n<p><!-- \/wp:heading --><\/p>\n<p><!-- wp:paragraph {\"align\":\"left\",\"fontSize\":\"small\"} --><\/p>\n<p>Am 28. und 29. September 2023 fand ein Statustreffen beim Projektpartner Universit\u00e4t Siegen in Siegen statt. Hier wurden die aktuellen Projektarbeiten sowie auch die weiteren Schritte besprochen. Geplant sind insbesondere die Einrichtung und Installation von Mini-PCs in den Living Lab Haushalten zur Datenflussanalyse, \u00fcber die sp\u00e4ter auch die entwickelten L\u00f6sungen in den Haushalten getestet werden k\u00f6nnen. Zudem soll ein Ger\u00e4t zur Presence-Detection gebaut werden, der mithilfe verschiedener verbauter Sensoren Ver\u00e4nderungen in seiner Umgebung durch feststellen kann.<\/p>\n<p><!-- \/wp:paragraph --><\/p>\n<p><!-- wp:paragraph {\"align\":\"center\",\"fontSize\":\"small\"} --><\/p>\n<p><img decoding=\"async\" style=\"width: 600px;\" src=\"https:\/\/samsmart.de\/wp-content\/uploads\/2024\/01\/Gruppenfoto.jpg\" alt=\"\" \/><\/p>\n<p><!-- \/wp:paragraph --><\/p>\n<p><!-- wp:separator --><\/p>\n<hr \/>\n<p><!-- \/wp:separator --><\/p>\n<p><!-- wp:heading {\"textAlign\":\"left\",\"fontSize\":\"medium\"} --><\/p>\n<h2><mark style=\"background-color: rgba(0, 0, 0, 0);\"><strong>22.08.2023 | Kickoff &amp; Infoveranstaltung zum Start des Living Labs<\/strong><\/mark><\/h2>\n<p><!-- \/wp:heading --><\/p>\n<p><!-- wp:paragraph {\"align\":\"left\",\"fontSize\":\"small\"} --><\/p>\n<p>Am 22. August 2023 startete das Living Lab mit 18 Haushalten. Dazu gab es eine erste Infoveranstaltung zum Ablauf und Ziel der bevorstehenden Living Lab Studien. Zudem hatten die teilnehmenden Haushalte die M\u00f6glichkeit ihre noch offenen Fragen zu stellen. Als \u00e4chster Schritt folgt nun Interviews rund um die Nutzung und das Management des Smart Home mit den Haushalten. Dabei werden auch erste Probleme und Bed\u00fcrfnisse der VerbraucherInnen ermittelt, die im Projekt adressiert werden k\u00f6nnen.<\/p>\n<p><!-- \/wp:paragraph --><\/p>\n<p><!-- wp:separator --><\/p>\n<hr \/>\n<p><!-- \/wp:separator --><\/p>\n<p><!-- wp:heading {\"textAlign\":\"left\",\"fontSize\":\"medium\"} --><\/p>\n<h2><mark style=\"background-color: rgba(0, 0, 0, 0);\"><strong>23.05.2023 | Pressemitteilung: Besserer Datenschutz in Smart Homes: 30 Test-Haushalte gesucht<\/strong><\/mark><\/h2>\n<p><!-- \/wp:heading --><\/p>\n<p><!-- wp:paragraph {\"align\":\"left\",\"fontSize\":\"small\"} --><\/p>\n<p>Heute startete unser offizieller Aufruf zur Teilnahme an unserem Living Lab! Durch Teilnahme an einer kleinen Umfrage zur Smart Home-Nutzung, k\u00f6nnen sich interessierte Haushalte bei uns melden, um an der Living Lab Studie w\u00e4hrend der Projektlaufzeit teilzunehmen. Im Rahmen des Living Labs werden wir durch Interviews, Fokusgruppen und (Design-)Workshops gemeinsam mit den Haushalten Bed\u00fcrfnisse identifizieren und L\u00f6sungen konzipieren und umsetzen, um Haushalte beim Thema Sicherheit im Smart Home zu sensibilisieren. Die Presse-Mitteilung ist \u00fcber folgenden Link zu finden: <a href=\"https:\/\/www.fit.fraunhofer.de\/de\/presse\/23-05-23_besserer-datenschutz-in-smart-homes-30-test-Haushalte-gesucht.html\">FIT Presseinformation, 23.05.2023 &#8211; Fraunhofer FIT<\/a><\/p>\n<p><!-- \/wp:paragraph --><\/p>\n<p><!-- wp:separator --><\/p>\n<hr \/>\n<p><!-- \/wp:separator --><\/p>\n<p><!-- wp:heading {\"textAlign\":\"left\",\"fontSize\":\"medium\"} --><\/p>\n<h2><mark style=\"background-color: rgba(0, 0, 0, 0);\"><strong>24.02.2023 | Project Kickoff from 23 to 24 February 2023 at Fraunhofer FIT - Campus Schloss Birlinghoven<\/strong><\/mark><\/h2>\n<p><!-- \/wp:heading --><\/p>\n<p><!-- wp:paragraph {\"align\":\"left\",\"fontSize\":\"small\"} --><\/p>\n<p>On 23 February, our SAM Smart project officially kicked off. All partners met at Campus Schloss Birlinghoven in Sankt Augustin, the location of project coordinator Fraunhofer FIT. The event took place in a hybrid format, allowing some participants to be connected online. This was the case for Mrs. Seebode and Mrs. Sinterhauf, who represented the project sponsor VDI \/ VDE-IT. After a short presentation of the project and its partners on the first day, the project goals and next steps were discussed on both days. Based on this successful and productive start, we are looking forward to a successful cooperation!<\/p>\n<p><!-- \/wp:paragraph --><\/p>\n<p><!-- wp:paragraph --><\/p>\n<p><!-- \/wp:paragraph --><\/p>\n<p><!-- wp:paragraph {\"align\":\"center\"} --><\/p>\n<p><img decoding=\"async\" class=\"alignnone\" style=\"width: 600px;\" src=\"https:\/\/samsmart.de\/wp-content\/uploads\/2023\/03\/Kickoff_Web.png\" alt=\"\" \/><\/p>\n<p><!-- \/wp:paragraph --><\/p>\t\t\t\t\t\t\t\t<\/div>\n\t\t\t\t<\/div>\n\t\t\t\t\t<\/div>\n\t\t\t\t<\/div>\n\t\t\t\t<\/div>","protected":false},"excerpt":{"rendered":"<p>14.11.2025 | Projektabschluss f\u00fcr SAM Smart Mitte November hat Fraunhofer FIT das Projektteam, seine Partner und das Bundesministerium f\u00fcr Forschung, Technologie und Raumfahrt zu einem letzten gemeinsamen Treffen eingeladen. Dabei konnten Ergebnisse und ihre zuk\u00fcnftigen Verwertungsm\u00f6glichkeiten vorgestellt werden. Meilensteine der mehrj\u00e4hrigen Zusammenarbeit von SAM Smart sind viele verschiedene Funktionen und Impulse f\u00fcr den Sicherheits-Assistenzmanager (SAM):&nbsp;&hellip;<\/p>","protected":false},"author":1,"featured_media":0,"parent":0,"menu_order":0,"comment_status":"closed","ping_status":"closed","template":"page-templates\/page-with-left-sidebar.php","meta":{"_acf_changed":false,"footnotes":""},"coauthors":[2],"class_list":["post-16","page","type-page","status-publish","hentry"],"acf":[],"_links":{"self":[{"href":"https:\/\/samsmart.de\/en\/wp-json\/wp\/v2\/pages\/16","targetHints":{"allow":["GET"]}}],"collection":[{"href":"https:\/\/samsmart.de\/en\/wp-json\/wp\/v2\/pages"}],"about":[{"href":"https:\/\/samsmart.de\/en\/wp-json\/wp\/v2\/types\/page"}],"author":[{"embeddable":true,"href":"https:\/\/samsmart.de\/en\/wp-json\/wp\/v2\/users\/1"}],"replies":[{"embeddable":true,"href":"https:\/\/samsmart.de\/en\/wp-json\/wp\/v2\/comments?post=16"}],"version-history":[{"count":51,"href":"https:\/\/samsmart.de\/en\/wp-json\/wp\/v2\/pages\/16\/revisions"}],"predecessor-version":[{"id":797,"href":"https:\/\/samsmart.de\/en\/wp-json\/wp\/v2\/pages\/16\/revisions\/797"}],"wp:attachment":[{"href":"https:\/\/samsmart.de\/en\/wp-json\/wp\/v2\/media?parent=16"}],"wp:term":[{"taxonomy":"author","embeddable":true,"href":"https:\/\/samsmart.de\/en\/wp-json\/wp\/v2\/coauthors?post=16"}],"curies":[{"name":"wp","href":"https:\/\/api.w.org\/{rel}","templated":true}]}}