{"id":24,"date":"2023-02-21T10:33:06","date_gmt":"2023-02-21T09:33:06","guid":{"rendered":"https:\/\/websites.fraunhofer.de\/sam-smart\/?page_id=24"},"modified":"2025-03-07T17:05:39","modified_gmt":"2025-03-07T16:05:39","slug":"impressum-2","status":"publish","type":"page","link":"https:\/\/samsmart.de\/en\/impressum-2\/","title":{"rendered":"Imprint"},"content":{"rendered":"<div data-elementor-type=\"wp-page\" data-elementor-id=\"24\" class=\"elementor elementor-24\">\n\t\t\t\t<div class=\"elementor-element elementor-element-3a78898c e-flex e-con-boxed e-con e-parent\" data-id=\"3a78898c\" data-element_type=\"container\" data-e-type=\"container\">\n\t\t\t\t\t<div class=\"e-con-inner\">\n\t\t\t\t<div class=\"elementor-element elementor-element-1510f7ca elementor-widget elementor-widget-text-editor\" data-id=\"1510f7ca\" data-element_type=\"widget\" data-e-type=\"widget\" data-widget_type=\"text-editor.default\">\n\t\t\t\t<div class=\"elementor-widget-container\">\n\t\t\t\t\t\t\t\t\t<p><\/p>\n<p>The <\/p>\n<p>Fraunhofer-Institut f\u00fcr Angewandte Informationstechnik FIT <br>Schloss Birlinghoven <br>53757 Sankt Augustin <\/p>\n<p>is a legally independent institution of <\/p>\n<p>Fraunhofer-Gesellschaft <br>for the Advancement of Applied Research e.V. <br>Hansastra\u00dfe 27 c<br>80686 Munich <br>Internet:<a href=\"http:\/\/www.fraunhofer.de\/\">&nbsp;www.fraunhofer.de<\/a><br>E-Mail: info(at)zv.fraunhofer.de <\/p>\n<p><\/p>\n<h4 class=\"wp-block-heading\">Editor in charge<\/h4>\n<p><\/p>\n<p>Dominik Pins<br>dominik.pins@fit.fraunhofer.de <br>Telefon: +49 2241 14-3611 <\/p>\n<p>Sales tax identification number according to <br>VAT Act: DE 129515865 <\/p>\n<p>Registry court<br>Amtsgericht M\u00fcnchen <br>registered association <br>registry no. VR 4461<\/p>\n<p><\/p>\n<h4 class=\"wp-block-heading\">Executive board<\/h4>\n<p><\/p>\n<p><\/p>\n<p>Prof. Holger Hanselka | President<br>Prof. Constantin H\u00e4fner | Member of the executive board<br>Prof. Axel M\u00fcller-Groeling | Member of the executive board<br>Elisabeth Ewen | Member of the executive board<br>Dr. Sandra Krey | Member of the executive board<\/p>\n<p><\/p>\n<p><\/p>\n<h4 class=\"wp-block-heading\">Rights of use<\/h4>\n<p><\/p>\n<p>\u00a9 Fraunhofer-Gesellschaft e.V., M\u00fcnchen <\/p>\n<p>All rights reserved.<br>The copyright for this website is entirely owned by the Fraunhofer-Gesellschaft. <br>Downloading or printing of these publications is permitted exclusively for personal use. All other uses, in particular commercial use and distribution, are strictly prohibited and require written permission. <\/p>\n<p>Furthermore, downloading or printing is only permitted for the purpose of reporting on the Fraunhofer-Gesellschaft and its institutes in accordance with the terms of use set out below: <\/p>\n<p>Graphical changes to image motifs - except for cropping the main motif - are not permitted. The source must always be quoted and two free copies of the publication must be sent to the above address. Use is free of charge. <\/p>\n<p>Source of the cover picture: http:\/\/www.freepik.com \/\/ Designed by vectorjuice \/ Freepik<\/p>\n<p><\/p>\n<h4 class=\"wp-block-heading\">Liability notice<\/h4>\n<p> <br>We assume no liability for the content of external links. The operators of the linked pages are solely responsible for their content. <\/p>\n<p>We make every effort to ensure that the material contained in our web site is current, complete and correct. Nevertheless, the occurrence of errors cannot be completely ruled out. The Fraunhofer Institute and the Fraunhofer-Gesellschaft do not accept liability for the relevance, accuracy or completeness of the information and material offered in its web site. This refers to any material or non-material damage to third parties caused by the use of this website. <\/p>\n<p>Protected trademarks and names, images and texts are generally not identified as such on our pages. However, the absence of such identification does not mean that it is a free name, image or text within the meaning of trademark law.<\/p>\n<p><\/p>\t\t\t\t\t\t\t\t<\/div>\n\t\t\t\t<\/div>\n\t\t\t\t\t<\/div>\n\t\t\t\t<\/div>\n\t\t\t\t<\/div>","protected":false},"excerpt":{"rendered":"<p>Das Fraunhofer-Institut f\u00fcr Angewandte Informationstechnik FIT Schloss Birlinghoven 53757 Sankt Augustin ist eine rechtlich nicht selbstst\u00e4ndige Einrichtung der Fraunhofer-Gesellschaft zur F\u00f6rderung der angewandten Forschung e.V. Hansastra\u00dfe 27 c80686 M\u00fcnchen Internet:&nbsp;www.fraunhofer.deE-Mail: info(at)zv.fraunhofer.de Verantwortlicher Redakteur Dominik Pinsdominik.pins@fit.fraunhofer.de Telefon: +49 2241 14-3611 Umsatzsteuer-Identifikationsnummer gem\u00e4\u00df \u00a7 27 a Umsatzsteuergesetz: DE 129515865 RegistergerichtAmtsgericht M\u00fcnchen Eingetragener Verein Register-Nr. VR 4461 Vorstand&nbsp;&hellip;<\/p>","protected":false},"author":1,"featured_media":0,"parent":0,"menu_order":0,"comment_status":"closed","ping_status":"closed","template":"","meta":{"_acf_changed":false,"footnotes":""},"coauthors":[2],"class_list":["post-24","page","type-page","status-publish","hentry"],"acf":[],"_links":{"self":[{"href":"https:\/\/samsmart.de\/en\/wp-json\/wp\/v2\/pages\/24","targetHints":{"allow":["GET"]}}],"collection":[{"href":"https:\/\/samsmart.de\/en\/wp-json\/wp\/v2\/pages"}],"about":[{"href":"https:\/\/samsmart.de\/en\/wp-json\/wp\/v2\/types\/page"}],"author":[{"embeddable":true,"href":"https:\/\/samsmart.de\/en\/wp-json\/wp\/v2\/users\/1"}],"replies":[{"embeddable":true,"href":"https:\/\/samsmart.de\/en\/wp-json\/wp\/v2\/comments?post=24"}],"version-history":[{"count":14,"href":"https:\/\/samsmart.de\/en\/wp-json\/wp\/v2\/pages\/24\/revisions"}],"predecessor-version":[{"id":754,"href":"https:\/\/samsmart.de\/en\/wp-json\/wp\/v2\/pages\/24\/revisions\/754"}],"wp:attachment":[{"href":"https:\/\/samsmart.de\/en\/wp-json\/wp\/v2\/media?parent=24"}],"wp:term":[{"taxonomy":"author","embeddable":true,"href":"https:\/\/samsmart.de\/en\/wp-json\/wp\/v2\/coauthors?post=24"}],"curies":[{"name":"wp","href":"https:\/\/api.w.org\/{rel}","templated":true}]}}