{"id":45,"date":"2023-02-22T10:58:00","date_gmt":"2023-02-22T09:58:00","guid":{"rendered":"https:\/\/websites.fraunhofer.de\/sam-smart\/?page_id=45"},"modified":"2025-10-14T11:55:22","modified_gmt":"2025-10-14T09:55:22","slug":"materialis","status":"publish","type":"page","link":"https:\/\/samsmart.de\/en\/","title":{"rendered":"Start"},"content":{"rendered":"<div data-elementor-type=\"wp-page\" data-elementor-id=\"45\" class=\"elementor elementor-45\">\n\t\t\t\t<div class=\"elementor-element elementor-element-26e32799 e-flex e-con-boxed e-con e-parent\" data-id=\"26e32799\" data-element_type=\"container\" data-e-type=\"container\">\n\t\t\t\t\t<div class=\"e-con-inner\">\n\t\t\t\t<div class=\"elementor-element elementor-element-55a3657b elementor-widget elementor-widget-text-editor\" data-id=\"55a3657b\" data-element_type=\"widget\" data-e-type=\"widget\" data-widget_type=\"text-editor.default\">\n\t\t\t\t<div class=\"elementor-widget-container\">\n\t\t\t\t\t\t\t\t\t<!-- wp:extendstudio\/materialis-->\n<div id=\"berblick\" class=\"content-7m content-section-spacing-large content-section\" style=\"background-color: #f5fafd;\" data-label=\"berblick\" data-id=\"content-7-materialis\" data-export-id=\"content-7-materialis\" data-category=\"content\">\n<div class=\"gridContainer\">\n<div class=\"row middle-sm\">\n<div class=\"col-md-6 col-xs-12 col-sm-6 col-padding-small-xs\"><img decoding=\"async\" class=\"mdc-elevation--z13 img-rounded\" src=\"https:\/\/samsmart.de\/wp-content\/uploads\/2023\/02\/cropped-SAM-Human-Interaktion.png\" \/><\/div>\n<div class=\"col-md-5 col-md-offset-1 col-xs-12 col-sm-6 content-left-sm col-padding-small-xs\" data-type=\"column\">\n<h6 class=\"upper\">SAM Smart<\/h6>\n<h3 class=\"space-bottom\">SecurityAssistanceManager for the Smart Home<\/h3>\n<p class=\"space-top\">SAM Smart steht f\u00fcr \u201eSicherheitsAssistenzManager\u201c, der\u00a0VerbraucherInnen bei \u201el\u00e4stigen\u201c und \u201efehleranf\u00e4lligen\u201c Sicherheitsaufgaben unterst\u00fctzen soll, ohne dabei ihre Autonomie einzuschr\u00e4nken. Dieser soll unaufdringlich, aber deutlich sichtbar pro-aktiv vor m\u00f6glichen Sicherheitsrisiken warnen und mit den VerbraucherInnen mittels Sprache auf nat\u00fcrliche Art und Weise interagieren k\u00f6nnen, um detaillierte, verst\u00e4ndliche Informationen \u00fcber die Bedrohungslage abfragen zu k\u00f6nnen. <br \/><br \/>Im Rahmen des Projekts sollen dazu kosteng\u00fcnstige Sicherheitsl\u00f6sungen\u00a0und automatisierte KI-basierte Korrekturma\u00dfnahmen f\u00fcr qualitativ niederwertige Produkte f\u00fcr den Massenmarkt erforscht und entwickelt werden. Das Projekt setzt dazu auf ein Living Lab mit Privathaushalten sowie einem Smart Home-Testlabor, um L\u00f6sungsans\u00e4tze erforschen und entwickeln zu k\u00f6nnen.<\/p>\n<\/div>\n<\/div>\n<\/div>\n<\/div>\n<!-- \/wp:extendstudio\/materialis--><!-- wp:extendstudio\/materialis-->\n<div id=\"projektpartner-1\" class=\"team-1m content-section content-section-spacing-large\" style=\"background-color: #f5fafd;\" data-label=\"Projektpartner\" data-id=\"team--1\" data-export-id=\"team-1-materialis\" data-category=\"team\">\n<div class=\"gridContainer\">\n<div class=\"row text-center space-bottom\">\n<div class=\"section-title-col\" data-type=\"column\">\n<h2 class=\"\">consortium<\/h2>\n<\/div>\n<\/div>\n<div class=\"row spaced-cols content-center-sm center-sm\" data-type=\"row\">\n<div class=\"col-xs-12 col-sm-6 col-md-3\">\n<div class=\"card mdc-elevation--z3 y-move no-padding no-radius\"><img decoding=\"async\" class=\"face space-bottom-small\" src=\"https:\/\/samsmart.de\/wp-content\/uploads\/2023\/02\/cropped-20_fit_rgb_modul_send_de.png\" \/>\n<div class=\"col-padding-small col-padding-small-xs description-container\" data-type=\"column\">\n<h6 class=\"no-margin-bottom font-700\">Fraunhofer FIT<\/h6>\n<p class=\"font-300\">Fraunhofer FIT creates human-centred solutions in the fields of digitalisation, Industry 4.0 and the Internet of Things. The Human-Centered Engineering &amp; Design (HCED) department specialises in the optimisation of usability and user experiences associated with products and business processes.<\/p>\n<h5 class=\"\">contact<\/h5>\n<h6 class=\"\">Dominik Pins<\/h6>\n<p class=\"\">dominik.pins@fit.fraunhofer.de<\/p>\n<h6 class=\"\">Dennis Paul<\/h6>\n<p class=\"\">dennis.paul@fit.fraunhofer.de<\/p>\n<div class=\"social-icons-group\" data-type=\"group\">\u00a0<\/div>\n<\/div>\n<\/div>\n<\/div>\n<div class=\"col-xs-12 col-sm-6 col-md-3\">\n<div class=\"card mdc-elevation--z3 y-move no-padding no-radius\"><img decoding=\"async\" class=\"face space-bottom-small\" src=\"https:\/\/samsmart.de\/wp-content\/uploads\/2023\/03\/cropped-Logo_IMI_Web.png\" \/>\n<div class=\"col-padding-small col-padding-small-xs description-container\" data-type=\"column\">\n<h6 class=\"no-margin-bottom font-700\"><br \/>Universit\u00e4t zu L\u00fcbeck<\/h6>\n<p class=\"font-300\">The Medical Data Science group with the Institute of Medical Informatics researches activity recognition, neurological movement analysis, personalised nutrition, gait analysis, pain monitoring, sleep analysis, and analysis of biomedical image data.<\/p>\n<h5 class=\"\">contact<\/h5>\n<h6 class=\"\">Prof. Dr.-Ing. habil. Marcin Grzegorzek<\/h6>\n<p class=\"\">marcin.grzegorzek@uni-luebeck.de<\/p>\n<h6 class=\"\">Laura Liebenow<\/h6>\n<p class=\"\">laura.liebenow@student.uni-luebeck.de<\/p>\n<div class=\"social-icons-group\" data-type=\"group\">\u00a0<\/div>\n<\/div>\n<\/div>\n<\/div>\n<div class=\"col-xs-12 col-sm-6 col-md-3\">\n<div class=\"card mdc-elevation--z3 y-move no-padding no-radius\"><img decoding=\"async\" class=\"face space-bottom-small\" src=\"https:\/\/samsmart.de\/wp-content\/uploads\/2023\/03\/uzl-its-logo2.png\" \/>\n<div class=\"col-padding-small col-padding-small-xs description-container\" data-type=\"column\">\n<h6 class=\"no-margin-bottom font-700\">Universit\u00e4t zu L\u00fcbeck<\/h6>\n<p class=\"font-300\">The Institute for IT Security conducts research in the field of system security, code analysis and privacy-preserving machine learning. <br \/><br \/><br \/><br \/><br \/><\/p>\n<h5 class=\"\">contact<\/h5>\n<h6 class=\"\">Esfandiar Mohammadi<\/h6>\n<p class=\"\">esfandiar.mohammadi@uni-luebeck.de<\/p>\n<h6 class=\"\">Jan Wichelmann<\/h6>\n<p class=\"\">j.wichelmann@uni-luebeck.de<\/p>\n<div class=\"social-icons-group\" data-type=\"group\">\u00a0<\/div>\n<\/div>\n<\/div>\n<\/div>\n<div class=\"col-xs-12 col-sm-6 col-md-3\">\n<div class=\"card mdc-elevation--z3 y-move no-padding no-radius\"><img decoding=\"async\" class=\"face space-bottom-small\" src=\"https:\/\/samsmart.de\/wp-content\/uploads\/2023\/02\/cropped-uni_logo.jpg\" \/>\n<div class=\"col-padding-small col-padding-small-xs description-container\" data-type=\"column\">\n<h6 class=\"no-margin-bottom font-700\">Universit\u00e4t Siegen<\/h6>\n<p class=\"font-300\">The Chair of Information Systems, in particular IT Security, studies the digital transformation of society from the consumer's point of view. It pursues the goal of increasing digital sovereignty.<br \/><br \/><br \/><\/p>\n<h5 class=\"\">contact<\/h5>\n<h6 class=\"\">Fatemeh Alizadeh<\/h6>\n<p class=\"\">fatemeh.alizadeh@uni-siegen.de<\/p>\n<h6 class=\"\">Prof. Dr. Gunnar Stevens<\/h6>\n<p class=\"\">gunnar.stevens@uni-siegen.de<\/p>\n<div class=\"social-icons-group\" data-type=\"group\">\u00a0<\/div>\n<\/div>\n<\/div>\n<\/div>\n<div class=\"col-xs-12 col-sm-6 col-md-3\">\n<div class=\"card mdc-elevation--z3 y-move no-padding no-radius\"><img decoding=\"async\" class=\"face space-bottom-small\" src=\"https:\/\/samsmart.de\/wp-content\/uploads\/2023\/02\/openinc_logo.png\" \/>\n<div class=\"col-padding-small col-padding-small-xs description-container\" data-type=\"column\">\n<h6 class=\"no-margin-bottom font-700\"><br \/><br \/>open.INC GmbH<\/h6>\n<p class=\"font-300\">open.INC offers software for application-oriented data visualisation and customised solutions to digitise existing production and process environments.<\/p>\n<h5 class=\"\">contact<\/h5>\n<h6 class=\"\">Nico Vitt<\/h6>\n<p class=\"\">vitt@openinc.de<\/p>\n<div class=\"social-icons-group\" data-type=\"group\">\u00a0<\/div>\n<\/div>\n<\/div>\n<\/div>\n<div class=\"col-xs-12 col-sm-6 col-md-3\">\n<div class=\"card mdc-elevation--z3 y-move no-padding no-radius\"><img decoding=\"async\" class=\"face space-bottom-small\" src=\"https:\/\/samsmart.de\/wp-content\/uploads\/2023\/02\/Langlauf_Logo.png\" \/>\n<div class=\"col-padding-small col-padding-small-xs description-container\" data-type=\"column\">\n<h6 class=\"no-margin-bottom font-700\">Langlauf Security Automation GmbH<\/h6>\n<p class=\"font-300\">Langlauf Security Automation GmbH is a technology supplier, tool manufacturer and implementation partner for the security analysis of software without source code.<\/p>\n<h5 class=\"\"><br \/><br \/>contact<\/h5>\n<h6 class=\"\">Jan Stijohann<\/h6>\n<p class=\"\">hello@langlauf.io<\/p>\n<div class=\"social-icons-group\" data-type=\"group\">\u00a0<\/div>\n<\/div>\n<\/div>\n<\/div>\n<div class=\"col-xs-12 col-sm-6 col-md-3\">\n<div class=\"card mdc-elevation--z3 y-move no-padding no-radius\"><img decoding=\"async\" class=\"face space-bottom-small\" src=\"https:\/\/samsmart.de\/wp-content\/uploads\/2023\/02\/nuspace_Logo_v3_verlauf.png\" \/>\n<div class=\"col-padding-small col-padding-small-xs description-container\" data-type=\"column\">\n<h6 class=\"no-margin-bottom font-700\"><br \/><br \/>nuspace GmbH<\/h6>\n<p class=\"font-300\">nuspace develops customised solutions for smart homes, smart buildings and the Internet of Things while offering matching services.<\/p>\n<h5 class=\"\"><br \/><br \/><br \/>contact<\/h5>\n<h6 class=\"\">Johannes Schm\u00f6lz<\/h6>\n<p class=\"\">johannes.schmoelz@nuspace.io<\/p>\n<div class=\"social-icons-group\" data-type=\"group\">\u00a0<\/div>\n<\/div>\n<\/div>\n<\/div>\n<div class=\"col-xs-12 col-sm-6 col-md-3\">\n<div class=\"card mdc-elevation--z3 y-move no-padding no-radius\"><img decoding=\"async\" class=\"face space-bottom-small\" src=\"https:\/\/samsmart.de\/wp-content\/uploads\/2023\/03\/automITe_Logo.png\" \/>\n<div class=\"col-padding-small col-padding-small-xs description-container\" data-type=\"column\">\n<h6 class=\"no-margin-bottom font-700\"><br \/><br \/>automITe-Engineering GmbH<\/h6>\n<p class=\"font-300\">automITe-Engineering GmbH specialises in professional services for IT security in the form of penetration tests, consulting for products, and IT infrastructures. The company further provides training for developers and employees.<\/p>\n<h5 class=\"\">contact<\/h5>\n<h6 class=\"\">Moritz Krebbel<\/h6>\n<p class=\"\">moritz.krebbel@automite.de<\/p>\n<div class=\"social-icons-group\" data-type=\"group\">\u00a0<\/div>\n<\/div>\n<\/div>\n<\/div>\n<\/div>\n<\/div>\n<\/div>\n<!-- \/wp:extendstudio\/materialis--><!-- wp:extendstudio\/materialis-->\n<div id=\"frderer\" class=\"clients-2 content-section content-section-spacing-large\" style=\"background-color: #ffffff;\" data-label=\"Frderer\" data-id=\"clients--1\" data-export-id=\"clients-2\" data-category=\"clients\">\n<div class=\"gridContainer\">\n<div class=\"row\">\n<div class=\"section-title-col\" data-type=\"column\">\n<h2 class=\"font-700\">funding<\/h2>\n<p class=\"lead\">Gef\u00f6rdert vom Bundesministerium f\u00fcr Forschung, Technologie und Raumfahrt<br \/>Funded by the European Union - NextGenerationEU<\/p>\n<\/div>\n<\/div>\n<div class=\"row center-xs spaced-cols middle-sm\" data-type=\"row\">\n<div class=\"col-xs-6 col-sm-3\">\u00a0<\/div>\n<div><img decoding=\"async\" class=\"alignnone wp-image-773\" src=\"https:\/\/samsmart.de\/wp-content\/uploads\/2025\/10\/BMFTR_Logo-300x118.png\" alt=\"\" width=\"170\" height=\"67\" srcset=\"https:\/\/samsmart.de\/wp-content\/uploads\/2025\/10\/BMFTR_Logo-300x118.png 300w, https:\/\/samsmart.de\/wp-content\/uploads\/2025\/10\/BMFTR_Logo-768x302.png 768w, https:\/\/samsmart.de\/wp-content\/uploads\/2025\/10\/BMFTR_Logo-18x7.png 18w, https:\/\/samsmart.de\/wp-content\/uploads\/2025\/10\/BMFTR_Logo.png 894w\" sizes=\"(max-width: 170px) 100vw, 170px\" \/><\/div>\n<div class=\"col-xs-6 col-sm-3\"><img decoding=\"async\" class=\"\" src=\"https:\/\/samsmart.de\/wp-content\/uploads\/2023\/03\/DE-Finanziert-von-der-Europaeischen-Union_POS-scaled.jpg\" \/><\/div>\n<\/div>\n<\/div>\n<\/div>\n<!-- \/wp:extendstudio\/materialis-->\t\t\t\t\t\t\t\t<\/div>\n\t\t\t\t<\/div>\n\t\t\t\t\t<\/div>\n\t\t\t\t<\/div>\n\t\t\t\t<\/div>","protected":false},"excerpt":{"rendered":"<p>SAM Smart SicherheitsAssistenzManager f\u00fcr das Smart Home SAM Smart steht f\u00fcr \u201eSicherheitsAssistenzManager\u201c, der\u00a0VerbraucherInnen bei \u201el\u00e4stigen\u201c und \u201efehleranf\u00e4lligen\u201c Sicherheitsaufgaben unterst\u00fctzen soll, ohne dabei ihre Autonomie einzuschr\u00e4nken. Dieser soll unaufdringlich, aber deutlich sichtbar pro-aktiv vor m\u00f6glichen Sicherheitsrisiken warnen und mit den VerbraucherInnen mittels Sprache auf nat\u00fcrliche Art und Weise interagieren k\u00f6nnen, um detaillierte, verst\u00e4ndliche Informationen \u00fcber die&nbsp;&hellip;<\/p>","protected":false},"author":1,"featured_media":0,"parent":0,"menu_order":0,"comment_status":"closed","ping_status":"closed","template":"page-templates\/homepage.php","meta":{"_acf_changed":false,"footnotes":""},"coauthors":[],"class_list":["post-45","page","type-page","status-publish","hentry"],"acf":[],"_links":{"self":[{"href":"https:\/\/samsmart.de\/en\/wp-json\/wp\/v2\/pages\/45","targetHints":{"allow":["GET"]}}],"collection":[{"href":"https:\/\/samsmart.de\/en\/wp-json\/wp\/v2\/pages"}],"about":[{"href":"https:\/\/samsmart.de\/en\/wp-json\/wp\/v2\/types\/page"}],"author":[{"embeddable":true,"href":"https:\/\/samsmart.de\/en\/wp-json\/wp\/v2\/users\/1"}],"replies":[{"embeddable":true,"href":"https:\/\/samsmart.de\/en\/wp-json\/wp\/v2\/comments?post=45"}],"version-history":[{"count":56,"href":"https:\/\/samsmart.de\/en\/wp-json\/wp\/v2\/pages\/45\/revisions"}],"predecessor-version":[{"id":777,"href":"https:\/\/samsmart.de\/en\/wp-json\/wp\/v2\/pages\/45\/revisions\/777"}],"wp:attachment":[{"href":"https:\/\/samsmart.de\/en\/wp-json\/wp\/v2\/media?parent=45"}],"wp:term":[{"taxonomy":"author","embeddable":true,"href":"https:\/\/samsmart.de\/en\/wp-json\/wp\/v2\/coauthors?post=45"}],"curies":[{"name":"wp","href":"https:\/\/api.w.org\/{rel}","templated":true}]}}